{"id":4284,"date":"2023-10-11T22:54:09","date_gmt":"2023-10-11T20:54:09","guid":{"rendered":"https:\/\/venve.pl\/?page_id=4284"},"modified":"2024-11-28T09:48:35","modified_gmt":"2024-11-28T08:48:35","slug":"project-parp","status":"publish","type":"page","link":"https:\/\/venve.pl\/en\/project-parp\/","title":{"rendered":"Project PARP"},"content":{"rendered":"[vc_row type=&#8221;in_container&#8221; full_screen_row_position=&#8221;middle&#8221; column_margin=&#8221;default&#8221; column_direction=&#8221;default&#8221; column_direction_tablet=&#8221;default&#8221; column_direction_phone=&#8221;default&#8221; scene_position=&#8221;center&#8221; text_color=&#8221;dark&#8221; text_align=&#8221;left&#8221; row_border_radius=&#8221;none&#8221; row_border_radius_applies=&#8221;bg&#8221; overflow=&#8221;visible&#8221; overlay_strength=&#8221;0.3&#8243; gradient_direction=&#8221;left_to_right&#8221; shape_divider_position=&#8221;bottom&#8221; bg_image_animation=&#8221;none&#8221;][vc_column column_padding=&#8221;no-extra-padding&#8221; column_padding_tablet=&#8221;inherit&#8221; column_padding_phone=&#8221;inherit&#8221; column_padding_position=&#8221;all&#8221; column_element_direction_desktop=&#8221;default&#8221; column_element_spacing=&#8221;default&#8221; desktop_text_alignment=&#8221;default&#8221; tablet_text_alignment=&#8221;default&#8221; phone_text_alignment=&#8221;default&#8221; background_color_opacity=&#8221;1&#8243; background_hover_color_opacity=&#8221;1&#8243; column_backdrop_filter=&#8221;none&#8221; column_shadow=&#8221;none&#8221; column_border_radius=&#8221;none&#8221; column_link_target=&#8221;_self&#8221; column_position=&#8221;default&#8221; gradient_direction=&#8221;left_to_right&#8221; overlay_strength=&#8221;0.3&#8243; width=&#8221;1\/1&#8243; tablet_width_inherit=&#8221;default&#8221; animation_type=&#8221;default&#8221; bg_image_animation=&#8221;none&#8221; border_type=&#8221;simple&#8221; column_border_width=&#8221;none&#8221; column_border_style=&#8221;solid&#8221;][vc_column_text]\n<h2>Projekt PARP<\/h2>\n[\/vc_column_text][image_with_animation image_url=&#8221;372&#8243; image_size=&#8221;full&#8221; animation_type=&#8221;entrance&#8221; animation=&#8221;None&#8221; animation_movement_type=&#8221;transform_y&#8221; hover_animation=&#8221;none&#8221; alignment=&#8221;&#8221; border_radius=&#8221;none&#8221; box_shadow=&#8221;none&#8221; image_loading=&#8221;default&#8221; max_width=&#8221;100%&#8221; max_width_mobile=&#8221;default&#8221;][vc_column_text text_direction=&#8221;default&#8221;]&#8221;CONVERIS&#8221; Sp\u00f3\u0142ka z ograniczon\u0105 odpowiedzialno\u015bci\u0105 is implementing a project co-financed by European Funds &#8220;Development of design projects for four furniture collections and their implementation into production at CONVERIS&#8221;.<\/p>\n<p>PROJECT OBJECTIVE: The aim of the project is to develop the company by developing, in cooperation with designers, design projects for four collections of plastic furniture and their implementation into production.<\/p>\n<p>RESULT: Development and implementation of design projects for 4 furniture collections with a pre-defined composition:<\/p>\n<p>COLLECTION 1: armchair, sofa, table.<br \/>\nCOLLECTION 2: chair, table<br \/>\nCOLLECTION 3: chaise longue, coffee table\/table.<br \/>\nCOLLECTION 4: children&#8217;s furniture &#8211; pouffe, armchair, table or other objects for interaction.<\/p>\n<p>AREA WITH DEVELOPMENT PLANS<\/p>\n<p>The company wants to increase the scale of its operations and the share of sales on foreign markets, which will be possible thanks to:<\/p>\n<p>\u2022 expanding and making the current product offer more attractive.<br \/>\n\u2022 creation of a new own brand of furniture products.<\/p>\n<p>As a result, the following will take place:<\/p>\n<p>\u2022 increase in the scale of operations and the degree of use of the existing technical potential.<br \/>\n\u2022 diversification of sources of income,<br \/>\n\u2022 increase in the amount of generated income, including from foreign sales.<\/p>\n<p>Project value: PLN 1,850,904.00<\/p>\n<p>EU funding for the project: PLN 967,850.00[\/vc_column_text][vc_row_inner column_margin=&#8221;default&#8221; column_direction=&#8221;default&#8221; column_direction_tablet=&#8221;default&#8221; column_direction_phone=&#8221;default&#8221; text_align=&#8221;left&#8221; row_position=&#8221;default&#8221; row_position_tablet=&#8221;inherit&#8221; row_position_phone=&#8221;inherit&#8221; overflow=&#8221;visible&#8221; pointer_events=&#8221;all&#8221;][vc_column_inner column_padding=&#8221;no-extra-padding&#8221; column_padding_tablet=&#8221;inherit&#8221; column_padding_phone=&#8221;inherit&#8221; column_padding_position=&#8221;all&#8221; column_element_direction_desktop=&#8221;default&#8221; column_element_spacing=&#8221;default&#8221; desktop_text_alignment=&#8221;default&#8221; tablet_text_alignment=&#8221;default&#8221; phone_text_alignment=&#8221;default&#8221; background_color_opacity=&#8221;1&#8243; background_hover_color_opacity=&#8221;1&#8243; column_backdrop_filter=&#8221;none&#8221; column_shadow=&#8221;none&#8221; column_border_radius=&#8221;none&#8221; column_link_target=&#8221;_self&#8221; overflow=&#8221;visible&#8221; gradient_direction=&#8221;left_to_right&#8221; overlay_strength=&#8221;0.3&#8243; width=&#8221;1\/1&#8243; tablet_width_inherit=&#8221;default&#8221; animation_type=&#8221;default&#8221; bg_image_animation=&#8221;none&#8221; border_type=&#8221;simple&#8221; column_border_width=&#8221;none&#8221; column_border_style=&#8221;solid&#8221;][vc_column_text text_direction=&#8221;default&#8221;]\n<h3>Requests for quotes:<\/h3>\n[\/vc_column_text][nectar_cta btn_style=&#8221;basic&#8221; heading_tag=&#8221;h4&#8243; button_color=&#8221;default&#8221; button_border_thickness=&#8221;0px&#8221; link_type=&#8221;new_tab&#8221; alignment=&#8221;left&#8221; alignment_tablet=&#8221;default&#8221; alignment_phone=&#8221;default&#8221; display=&#8221;block&#8221; display_tablet=&#8221;inherit&#8221; display_phone=&#8221;inherit&#8221; icon_family=&#8221;none&#8221; url=&#8221;https:\/\/venve.pl\/wp-content\/uploads\/2023\/10\/zapytanie1.pdf&#8221; link_text=&#8221;Za\u0142\u0105cznik nr 1&#8243;][nectar_cta btn_style=&#8221;basic&#8221; heading_tag=&#8221;h4&#8243; button_color=&#8221;default&#8221; button_border_thickness=&#8221;0px&#8221; link_type=&#8221;new_tab&#8221; alignment=&#8221;left&#8221; alignment_tablet=&#8221;default&#8221; alignment_phone=&#8221;default&#8221; display=&#8221;block&#8221; display_tablet=&#8221;inherit&#8221; display_phone=&#8221;inherit&#8221; icon_family=&#8221;none&#8221; url=&#8221;https:\/\/venve.pl\/wp-content\/uploads\/2023\/10\/zapytanie2.pdf&#8221; link_text=&#8221;Za\u0142\u0105cznik nr 2&#8243;][\/vc_column_inner][\/vc_row_inner][\/vc_column][\/vc_row]\n","protected":false},"excerpt":{"rendered":"<p>[vc_row type=&#8221;in_container&#8221; full_screen_row_position=&#8221;middle&#8221; column_margin=&#8221;default&#8221; column_direction=&#8221;default&#8221; column_direction_tablet=&#8221;default&#8221; column_direction_phone=&#8221;default&#8221; scene_position=&#8221;center&#8221; text_color=&#8221;dark&#8221; text_align=&#8221;left&#8221; row_border_radius=&#8221;none&#8221; row_border_radius_applies=&#8221;bg&#8221; overflow=&#8221;visible&#8221; overlay_strength=&#8221;0.3&#8243; gradient_direction=&#8221;left_to_right&#8221; shape_divider_position=&#8221;bottom&#8221; bg_image_animation=&#8221;none&#8221;][vc_column column_padding=&#8221;no-extra-padding&#8221; column_padding_tablet=&#8221;inherit&#8221; column_padding_phone=&#8221;inherit&#8221; column_padding_position=&#8221;all&#8221; column_element_direction_desktop=&#8221;default&#8221; column_element_spacing=&#8221;default&#8221; desktop_text_alignment=&#8221;default&#8221; tablet_text_alignment=&#8221;default&#8221; phone_text_alignment=&#8221;default&#8221; background_color_opacity=&#8221;1&#8243; background_hover_color_opacity=&#8221;1&#8243; column_backdrop_filter=&#8221;none&#8221; column_shadow=&#8221;none&#8221;&#8230;<\/p>\n","protected":false},"author":1,"featured_media":0,"parent":0,"menu_order":0,"comment_status":"closed","ping_status":"closed","template":"","meta":{"inline_featured_image":false,"footnotes":""},"class_list":["post-4284","page","type-page","status-publish"],"_links":{"self":[{"href":"https:\/\/venve.pl\/en\/wp-json\/wp\/v2\/pages\/4284","targetHints":{"allow":["GET"]}}],"collection":[{"href":"https:\/\/venve.pl\/en\/wp-json\/wp\/v2\/pages"}],"about":[{"href":"https:\/\/venve.pl\/en\/wp-json\/wp\/v2\/types\/page"}],"author":[{"embeddable":true,"href":"https:\/\/venve.pl\/en\/wp-json\/wp\/v2\/users\/1"}],"replies":[{"embeddable":true,"href":"https:\/\/venve.pl\/en\/wp-json\/wp\/v2\/comments?post=4284"}],"version-history":[{"count":2,"href":"https:\/\/venve.pl\/en\/wp-json\/wp\/v2\/pages\/4284\/revisions"}],"predecessor-version":[{"id":4286,"href":"https:\/\/venve.pl\/en\/wp-json\/wp\/v2\/pages\/4284\/revisions\/4286"}],"wp:attachment":[{"href":"https:\/\/venve.pl\/en\/wp-json\/wp\/v2\/media?parent=4284"}],"curies":[{"name":"wp","href":"https:\/\/api.w.org\/{rel}","templated":true}]}}