{"id":4414,"date":"2024-09-24T12:15:23","date_gmt":"2024-09-24T10:15:23","guid":{"rendered":"https:\/\/venve.pl\/?page_id=4414"},"modified":"2025-01-15T12:05:54","modified_gmt":"2025-01-15T11:05:54","slug":"datenschutzrichtlinie","status":"publish","type":"page","link":"https:\/\/venve.pl\/de\/datenschutzrichtlinie\/","title":{"rendered":"Datenschutzrichtlinie"},"content":{"rendered":"[vc_row type=&#8220;in_container&#8220; full_screen_row_position=&#8220;middle&#8220; column_margin=&#8220;default&#8220; column_direction=&#8220;default&#8220; column_direction_tablet=&#8220;default&#8220; column_direction_phone=&#8220;default&#8220; scene_position=&#8220;center&#8220; text_color=&#8220;dark&#8220; text_align=&#8220;left&#8220; row_border_radius=&#8220;none&#8220; row_border_radius_applies=&#8220;bg&#8220; overflow=&#8220;visible&#8220; overlay_strength=&#8220;0.3&#8243; gradient_direction=&#8220;left_to_right&#8220; shape_divider_position=&#8220;bottom&#8220; bg_image_animation=&#8220;none&#8220;][vc_column column_padding=&#8220;no-extra-padding&#8220; column_padding_tablet=&#8220;inherit&#8220; column_padding_phone=&#8220;inherit&#8220; column_padding_position=&#8220;all&#8220; column_element_direction_desktop=&#8220;default&#8220; column_element_spacing=&#8220;default&#8220; desktop_text_alignment=&#8220;default&#8220; tablet_text_alignment=&#8220;default&#8220; phone_text_alignment=&#8220;default&#8220; background_color_opacity=&#8220;1&#8243; background_hover_color_opacity=&#8220;1&#8243; column_backdrop_filter=&#8220;none&#8220; column_shadow=&#8220;none&#8220; column_border_radius=&#8220;none&#8220; column_link_target=&#8220;_self&#8220; column_position=&#8220;default&#8220; gradient_direction=&#8220;left_to_right&#8220; overlay_strength=&#8220;0.3&#8243; width=&#8220;1\/1&#8243; tablet_width_inherit=&#8220;default&#8220; animation_type=&#8220;default&#8220; bg_image_animation=&#8220;none&#8220; border_type=&#8220;simple&#8220; column_border_width=&#8220;none&#8220; column_border_style=&#8220;solid&#8220;][vc_column_text text_direction=&#8220;default&#8220;]\r\n<h2 class=\"wp-block-heading\"><\/h2>\r\n<h2 class=\"wp-block-heading\">Datenschutzrichtlinie<\/h2>\r\n<h2 class=\"wp-block-heading\"><\/h2>\r\n<p>I. Allgemeine Bestimmungen<\/p>\r\n<p>Die Datenschutzrichtlinie legt fest, wie die personenbezogenen Daten der Benutzer, die f\u00fcr die Bereitstellung elektronischer Dienste \u00fcber die Website venve.pl (im Folgenden als Website bezeichnet) erforderlich sind, erhoben, verarbeitet und gespeichert werden.<br \/>Auf dieser Website werden nur die personenbezogenen Daten erhoben, die f\u00fcr die Bereitstellung und Entwicklung der dort angebotenen Dienste erforderlich sind.<br \/>Personenbezogene Daten, die \u00fcber die Website erhoben werden, werden gem\u00e4\u00df der Verordnung (EU) 2016\/679 des Europ\u00e4ischen Parlaments und des Rates vom 27. April 2016 zum Schutz nat\u00fcrlicher Personen bei der Verarbeitung personenbezogener Daten, zum freien Datenverkehr und zur Aufhebung der Richtlinie 95\/46\/EG verarbeitet. solcher Daten und zur Aufhebung der Richtlinie 95\/46\/EG (Datenschutz-Grundverordnung, im Folgenden DSGVO genannt) und des Gesetzes zum Schutz personenbezogener Daten vom 10. Mai 2018.<\/p>\r\n<p>II. Datenadministrator<\/p>\r\n<p>Der Administrator der \u00fcber die Website gesammelten personenbezogenen Daten ist \u201eCONVERIS\u201c Sp. z o.o. z o. o. mit Sitz in Mi\u0119dzyrzecz (66-300), ul. Kazimierza Wielkiego 61A, NIP 5961736489, REGON 080473992, eingetragen im Unternehmerregister des Bezirksgerichts Zielona G\u00f3ra, 8. Handelsabteilung des Nationalen Gerichtsregisters unter der KRS-Nummer 0000367270, kontakt@venve.pl, +48 786 909 337<\/p>\r\n<h2 class=\"wp-block-heading\"><\/h2>\r\n<p>III. Der Zweck der Erhebung personenbezogener Daten<\/p>\r\n<p>Personenbezogene Daten werden f\u00fcr folgende Zwecke verwendet:<\/p>\r\n<p>Kontoregistrierung und \u00dcberpr\u00fcfung der Benutzeridentit\u00e4t,<br \/>Erm\u00f6glichung der Anmeldung beim Dienst,<br \/>Erf\u00fcllung des Vertrags \u00fcber Dienstleistungen und E-Services,<br \/>Kommunikation mit dem Nutzer (Livechat, Kontaktformular, etc.)<br \/>Versand des Newsletters (nachdem der Nutzer dem Erhalt zugestimmt hat),<br \/>Betrieb eines Kommentarsystems,<br \/>Bereitstellung von kommunalen Dienstleistungen,<br \/>Werbung f\u00fcr das Angebot des Administrators,<br \/>Marketing, Remarketing, Zugeh\u00f6rigkeit,<br \/>Personalisierung des Dienstes f\u00fcr Benutzer,<br \/>analytische und statistische T\u00e4tigkeiten,<br \/>Inkasso,<br \/>Geltendmachung, Aus\u00fcbung oder Abwehr von Anspr\u00fcchen.<\/p>\r\n<p>Die Angabe von Daten ist freiwillig, jedoch erforderlich, um einen Vertrag abzuschlie\u00dfen oder andere Funktionalit\u00e4ten des Dienstes zu nutzen.<\/p>\r\n<p>IV. Arten der verarbeiteten personenbezogenen Daten<\/p>\r\n<p>Der Administrator kann die personenbezogenen Daten des Benutzers verarbeiten: Vor- und Nachname, Geburtsdatum, Adresse, E-Mail-Adresse, Telefonnummer, Steueridentifikationsnummer.<\/p>\r\n<p>V. Dauer der Verarbeitung personenbezogener Daten<\/p>\r\n<p>Die personenbezogenen Daten der Nutzer werden f\u00fcr die Dauer von:<\/p>\r\n<p>wenn die Grundlage der Datenverarbeitung die Erf\u00fcllung eines Vertrags ist \u2013 bis zum Ablauf der Verj\u00e4hrungsfrist f\u00fcr Anspr\u00fcche nach seiner Erf\u00fcllung,<br \/>wenn die Grundlage der Datenverarbeitung eine Einwilligung ist \u2013 bis zu deren Widerruf und nach dem Widerruf der Einwilligung bis zum Ablauf der Verj\u00e4hrungsfrist f\u00fcr Anspr\u00fcche.<\/p>\r\n<p>Die Verj\u00e4hrungsfrist betr\u00e4gt in beiden F\u00e4llen 6 Jahre, bei Anspr\u00fcchen auf Leistungen und Anspr\u00fcchen im Zusammenhang mit der Aus\u00fcbung eines Gewerbes 3 Jahre (sofern in besonderen Bestimmungen nichts anderes bestimmt ist).<\/p>\r\n<p>VI. Weitergabe personenbezogener Daten<\/p>\r\n<p>Die personenbezogenen Daten der Benutzer k\u00f6nnen an folgende Stellen weitergegeben werden: mit dem Administrator verbundene Unternehmen, seine Subunternehmer, mit dem Administrator zusammenarbeitende Unternehmen, z. B. Unternehmen, die elektronische Zahlungen abwickeln, Unternehmen, die Kurier-\/Postdienste anbieten, Anwaltskanzleien.<br \/>Eine \u00dcbermittlung personenbezogener Daten der Nutzer au\u00dferhalb des Europ\u00e4ischen Wirtschaftsraums (EWR) erfolgt nicht.<\/p>\r\n<p>VII. Benutzerrechte<\/p>\r\n<p>Der Website-Benutzer hat das Recht: auf den Inhalt seiner personenbezogenen Daten zuzugreifen, diese zu berichtigen, zu l\u00f6schen, ihre Verarbeitung einzuschr\u00e4nken, sie zu \u00fcbertragen, der Verarbeitung zu widersprechen, die Einwilligung jederzeit zu widerrufen (wodurch die Rechtm\u00e4\u00dfigkeit der Verarbeitung auf Grundlage von Einwilligung vor deren Widerruf). Widerruf).<br \/>Eine Benachrichtigung \u00fcber die Aus\u00fcbung der oben aufgef\u00fchrten Rechte durch den Benutzer sollte an kontakt@venve.pl gesendet werden.<br \/>Der Administrator kommt der Aufforderung unverz\u00fcglich \u2013 sp\u00e4testens innerhalb eines Monats nach deren Eingang \u2013 nach oder lehnt sie ab.<br \/>Der Nutzer hat das Recht, beim Pr\u00e4sidenten des Datenschutzamtes Beschwerde einzulegen, wenn er der Ansicht ist, dass die Verarbeitung seine Rechte und Freiheiten (DSGVO) verletzt.<\/p>\r\n<p>VIII. Dieses Portal verwendet Cookies zur Optimierung der Browserfunktion. Informieren Sie sich, wie wir Cookies verwenden und wie Sie Ihre Einstellungen \u00e4ndern k\u00f6nnen.<\/p>\r\n<p>Die Website sammelt Informationen mithilfe von Sitzungs-, permanenten und externen Cookies.<br \/>Das Sammeln von Cookies unterst\u00fctzt die korrekte Bereitstellung von Diensten auf der Website und dient statistischen Zwecken.<br \/>Der Nutzer kann den Umfang der Cookie-Zugriffe auf seinem Endger\u00e4t in den Einstellungen seines Browsers festlegen.<\/p>\r\n<p>IX. Automatisierte Entscheidungsfindung und Profiling<\/p>\r\n<p>Eine automatisierte Verarbeitung der Benutzerdaten, aus der Entscheidungen \u00fcber sie hervorgehen, findet nicht statt.<br \/>Zur Anpassung des Inhalts und Personalisierung des Angebots kann es nach der Einwilligung des Nutzers zu einer Profilerstellung kommen.<\/p>\r\n<p>X. Schlussbestimmungen<\/p>\r\n<p>In Angelegenheiten, die in dieser Datenschutzrichtlinie nicht geregelt sind, gelten die Bestimmungen der DSGVO und des polnischen Rechts.<\/p>\r\n<p>Der Administrator hat das Recht, \u00c4nderungen an der Datenschutzrichtlinie vorzunehmen. Die Rechte der Benutzer werden dadurch jedoch nicht eingeschr\u00e4nkt.<\/p>\r\n<p>Informationen zu den eingef\u00fchrten \u00c4nderungen werden in Form einer Nachricht auf der Website angezeigt.<\/p>\r\n<h2 class=\"wp-block-heading\"><!-- \/wp:post-content --><\/h2>\r\n<p>&nbsp;<\/p>\r\n[\/vc_column_text][\/vc_column][\/vc_row]","protected":false},"excerpt":{"rendered":"<p>[vc_row type=&#8220;in_container&#8220; full_screen_row_position=&#8220;middle&#8220; column_margin=&#8220;default&#8220; column_direction=&#8220;default&#8220; column_direction_tablet=&#8220;default&#8220; column_direction_phone=&#8220;default&#8220; scene_position=&#8220;center&#8220; text_color=&#8220;dark&#8220; text_align=&#8220;left&#8220; row_border_radius=&#8220;none&#8220; row_border_radius_applies=&#8220;bg&#8220; overflow=&#8220;visible&#8220; overlay_strength=&#8220;0.3&#8243; gradient_direction=&#8220;left_to_right&#8220; shape_divider_position=&#8220;bottom&#8220; bg_image_animation=&#8220;none&#8220;][vc_column column_padding=&#8220;no-extra-padding&#8220; column_padding_tablet=&#8220;inherit&#8220; column_padding_phone=&#8220;inherit&#8220; column_padding_position=&#8220;all&#8220; column_element_direction_desktop=&#8220;default&#8220; column_element_spacing=&#8220;default&#8220; desktop_text_alignment=&#8220;default&#8220; tablet_text_alignment=&#8220;default&#8220; phone_text_alignment=&#8220;default&#8220; background_color_opacity=&#8220;1&#8243; background_hover_color_opacity=&#8220;1&#8243; column_backdrop_filter=&#8220;none&#8220; column_shadow=&#8220;none&#8220;&#8230;<\/p>\n","protected":false},"author":1,"featured_media":0,"parent":0,"menu_order":0,"comment_status":"closed","ping_status":"closed","template":"","meta":{"inline_featured_image":false,"footnotes":""},"class_list":["post-4414","page","type-page","status-publish"],"_links":{"self":[{"href":"https:\/\/venve.pl\/de\/wp-json\/wp\/v2\/pages\/4414","targetHints":{"allow":["GET"]}}],"collection":[{"href":"https:\/\/venve.pl\/de\/wp-json\/wp\/v2\/pages"}],"about":[{"href":"https:\/\/venve.pl\/de\/wp-json\/wp\/v2\/types\/page"}],"author":[{"embeddable":true,"href":"https:\/\/venve.pl\/de\/wp-json\/wp\/v2\/users\/1"}],"replies":[{"embeddable":true,"href":"https:\/\/venve.pl\/de\/wp-json\/wp\/v2\/comments?post=4414"}],"version-history":[{"count":3,"href":"https:\/\/venve.pl\/de\/wp-json\/wp\/v2\/pages\/4414\/revisions"}],"predecessor-version":[{"id":4417,"href":"https:\/\/venve.pl\/de\/wp-json\/wp\/v2\/pages\/4414\/revisions\/4417"}],"wp:attachment":[{"href":"https:\/\/venve.pl\/de\/wp-json\/wp\/v2\/media?parent=4414"}],"curies":[{"name":"wp","href":"https:\/\/api.w.org\/{rel}","templated":true}]}}