{"id":4411,"date":"2024-09-24T12:34:43","date_gmt":"2024-09-24T10:34:43","guid":{"rendered":"https:\/\/venve.pl\/?page_id=4411"},"modified":"2025-07-25T14:45:36","modified_gmt":"2025-07-25T12:45:36","slug":"lieferung","status":"publish","type":"page","link":"https:\/\/venve.pl\/de\/lieferung\/","title":{"rendered":"Lieferung"},"content":{"rendered":"\r\n<h2 class=\"wp-block-heading\">Lieferung<\/h2>\r\n<p>1. Wir liefern innerhalb von 7 Werktagen.<\/p>\r\n<p>2. Die Ware wird ordnungsgem\u00e4\u00df verpackt und gesichert versendet. Bitte \u00fcberpr\u00fcfen Sie nach Erhalt der Sendung, ob diese w\u00e4hrend des Transports besch\u00e4digt wurde.<\/p>\r\n<p>3. Die Versandkosten innerhalb Polens richten sich nach der Anzahl der bestellten Produkte und werden automatisch im Warenkorb berechnet. Kostenlose Selbstabholung ist ebenfalls m\u00f6glich.<\/p>\r\n<p>4. Internationaler Versand &#8211; Kosten werden individuell nach vorheriger Kontaktaufnahme festgelegt, abh\u00e4ngig von der Gr\u00f6\u00dfe der Bestellung<\/p>\r\n\r\n\r\n\r\n\r\n","protected":false},"excerpt":{"rendered":"<p>Lieferung 1. Wir liefern innerhalb von 7 Werktagen. 2. Die Ware wird ordnungsgem\u00e4\u00df verpackt und gesichert versendet. Bitte \u00fcberpr\u00fcfen Sie nach Erhalt der Sendung, ob diese w\u00e4hrend des Transports besch\u00e4digt&#8230;<\/p>\n","protected":false},"author":1,"featured_media":0,"parent":0,"menu_order":0,"comment_status":"closed","ping_status":"closed","template":"","meta":{"inline_featured_image":false,"footnotes":""},"class_list":["post-4411","page","type-page","status-publish"],"_links":{"self":[{"href":"https:\/\/venve.pl\/de\/wp-json\/wp\/v2\/pages\/4411","targetHints":{"allow":["GET"]}}],"collection":[{"href":"https:\/\/venve.pl\/de\/wp-json\/wp\/v2\/pages"}],"about":[{"href":"https:\/\/venve.pl\/de\/wp-json\/wp\/v2\/types\/page"}],"author":[{"embeddable":true,"href":"https:\/\/venve.pl\/de\/wp-json\/wp\/v2\/users\/1"}],"replies":[{"embeddable":true,"href":"https:\/\/venve.pl\/de\/wp-json\/wp\/v2\/comments?post=4411"}],"version-history":[{"count":3,"href":"https:\/\/venve.pl\/de\/wp-json\/wp\/v2\/pages\/4411\/revisions"}],"predecessor-version":[{"id":4887,"href":"https:\/\/venve.pl\/de\/wp-json\/wp\/v2\/pages\/4411\/revisions\/4887"}],"wp:attachment":[{"href":"https:\/\/venve.pl\/de\/wp-json\/wp\/v2\/media?parent=4411"}],"curies":[{"name":"wp","href":"https:\/\/api.w.org\/{rel}","templated":true}]}}