{"id":4406,"date":"2024-09-24T12:40:26","date_gmt":"2024-09-24T10:40:26","guid":{"rendered":"https:\/\/venve.pl\/?page_id=4406"},"modified":"2025-01-15T11:55:36","modified_gmt":"2025-01-15T10:55:36","slug":"rueckgaberecht","status":"publish","type":"page","link":"https:\/\/venve.pl\/de\/rueckgaberecht\/","title":{"rendered":"R\u00fcckgaberecht"},"content":{"rendered":"[vc_row type=&#8220;in_container&#8220; full_screen_row_position=&#8220;middle&#8220; column_margin=&#8220;default&#8220; column_direction=&#8220;default&#8220; column_direction_tablet=&#8220;default&#8220; column_direction_phone=&#8220;default&#8220; scene_position=&#8220;center&#8220; text_color=&#8220;dark&#8220; text_align=&#8220;left&#8220; row_border_radius=&#8220;none&#8220; row_border_radius_applies=&#8220;bg&#8220; overflow=&#8220;visible&#8220; overlay_strength=&#8220;0.3&#8243; gradient_direction=&#8220;left_to_right&#8220; shape_divider_position=&#8220;bottom&#8220; bg_image_animation=&#8220;none&#8220;][vc_column column_padding=&#8220;no-extra-padding&#8220; column_padding_tablet=&#8220;inherit&#8220; column_padding_phone=&#8220;inherit&#8220; column_padding_position=&#8220;all&#8220; column_element_direction_desktop=&#8220;default&#8220; column_element_spacing=&#8220;default&#8220; desktop_text_alignment=&#8220;default&#8220; tablet_text_alignment=&#8220;default&#8220; phone_text_alignment=&#8220;default&#8220; background_color_opacity=&#8220;1&#8243; background_hover_color_opacity=&#8220;1&#8243; column_backdrop_filter=&#8220;none&#8220; column_shadow=&#8220;none&#8220; column_border_radius=&#8220;none&#8220; column_link_target=&#8220;_self&#8220; column_position=&#8220;default&#8220; gradient_direction=&#8220;left_to_right&#8220; overlay_strength=&#8220;0.3&#8243; width=&#8220;1\/1&#8243; tablet_width_inherit=&#8220;default&#8220; animation_type=&#8220;default&#8220; bg_image_animation=&#8220;none&#8220; border_type=&#8220;simple&#8220; column_border_width=&#8220;none&#8220; column_border_style=&#8220;solid&#8220;][vc_column_text text_direction=&#8220;default&#8220;]R\u00fcckgaberecht<\/p>\n<p>Dem Kunden steht ein Recht zum R\u00fccktritt vom Vertrag zu.<\/p>\n<p>Gem\u00e4\u00df Art. 27 des Gesetzes vom 30. Mai 2014 \u00fcber Verbraucherrechte (Gesetzblatt von 2014, Pos. 827, in der ge\u00e4nderten Fassung) haben Sie das Recht, innerhalb von 14 Tagen von diesem Vertrag zur\u00fcckzutreten. Jeder Kunde, der Verbraucher ist, hat das Recht, ohne Angabe von Gr\u00fcnden von einem Fernabsatzvertrag zur\u00fcckzutreten. Das Recht zum R\u00fccktritt vom Vertrag besteht innerhalb von 14 Kalendertagen ab dem Zeitpunkt, an dem der Kunde oder ein von ihm benannter Dritter, der nicht der Bef\u00f6rderer ist, die Waren in Besitz nimmt.<\/p>\n<p>Ein R\u00fccktrittsrecht steht dem Kunden bei den in Art. 10 genannten Vertr\u00e4gen nicht zu. 38 des Gesetzes vom 30. Mai 2014 \u00fcber Verbraucherrechte, unter anderem. in einer Situation:<\/p>\n<p>zur Erbringung von Dienstleistungen, wenn der Unternehmer die Dienstleistung mit ausdr\u00fccklicher Zustimmung des Verbrauchers vollst\u00e4ndig erbracht hat, wobei der Verbraucher vor Beginn der Dienstleistung dar\u00fcber informiert wurde, dass er nach Erbringung der Dienstleistung durch den Unternehmer sein Recht zum R\u00fccktritt vom Vertrag verliert;<br \/>\nbei denen der Preis oder die Verg\u00fctung von Schwankungen auf dem Finanzmarkt abh\u00e4ngt, auf die der Unternehmer keinen Einfluss hat und die vor Ablauf der Frist zum R\u00fccktritt vom Vertrag auftreten k\u00f6nnen;<br \/>\nwenn es sich bei der Lieferung um eine nicht vorgefertigte Sache handelt, die nach Spezifikationen des Verbrauchers hergestellt wurde oder zur Erf\u00fcllung seiner individuellen Bed\u00fcrfnisse bestimmt ist;<br \/>\nwenn der Gegenstand der Dienstleistung ein Artikel ist, der schnell verdirbt oder eine kurze Haltbarkeitsdauer hat;<br \/>\nwenn Gegenstand der Dienstleistung eine Ware ist, die in einer versiegelten Packung geliefert wird und aus Gr\u00fcnden des Gesundheitsschutzes oder der Hygiene nach dem \u00d6ffnen der Verpackung nicht zur R\u00fcckgabe geeignet ist, sofern die Verpackung nach der Lieferung ge\u00f6ffnet wurde;<br \/>\nwenn Gegenstand der Leistung Sachen sind, die nach der Lieferung aufgrund ihrer Beschaffenheit untrennbar mit anderen Sachen verbunden werden.<\/p>\n<p>Um Ihr Widerrufsrecht auszu\u00fcben, m\u00fcssen Sie den Verk\u00e4ufer mittels einer per Post oder elektronisch an die oben angegebenen Korrespondenzadressen an uns gesendeten Erkl\u00e4rung \u00fcber Ihren Entschluss, diesen Vertrag zu widerrufen, informieren.<\/p>\n<p>F\u00fcr die Erkl\u00e4rung des R\u00fccktritts vom Vertrag k\u00f6nnen Sie das von uns bereitgestellte Musterformular verwenden, das Anhang 1 der Bestimmungen des Online-Shops darstellt. Die Verwendung des Musterformulars ist nicht obligatorisch und hat keinerlei Auswirkungen auf die Aus\u00fcbung des Widerrufsrechts.<\/p>\n<p>Zur Wahrung der Frist von vierzehn Tagen reicht es aus, dass der Kunde die Mitteilung \u00fcber die Aus\u00fcbung des Widerrufsrechts vor Ablauf der Frist von vierzehn Tagen absendet.<\/p>\n<p>Folgen des R\u00fccktritts vom Vertrag:<\/p>\n<p>Tritt der Kunde vom Vertrag zur\u00fcck, gilt der Vertrag als nicht geschlossen und der Verbraucher ist von allen Verpflichtungen entbunden. Die Vertragspartner haben sich die gegenseitigen \u00dcberlassungen in unver\u00e4ndertem Zustand zu \u00fcbertragen, es sei denn, die Ver\u00e4nderung war im Rahmen einer ordnungsgem\u00e4\u00dfen Gesch\u00e4ftsf\u00fchrung erforderlich. Die R\u00fcckzahlung soll unverz\u00fcglich und sp\u00e4testens binnen vierzehn Tagen ab dem Tag erfolgen, an dem die Mitteilung \u00fcber Ihren Entschluss, diesen Vertrag zu widerrufen, bei uns eingegangen ist. Wir erstatten Ihnen alle erhaltenen Zahlungen, einschlie\u00dflich der Kosten f\u00fcr die Lieferung der Waren (mit Ausnahme der zus\u00e4tzlichen Kosten, die sich daraus ergeben, dass Sie eine andere als die in unserem Online-Shop angebotene, g\u00fcnstigste Standardlieferungsart gew\u00e4hlt haben).<\/p>\n<p>Der Online-Shop kann die R\u00fcckerstattung zur\u00fcckhalten, bis er die Waren vom Kunden erh\u00e4lt oder bis er einen Nachweis f\u00fcr deren R\u00fccksendung erbringt, je nachdem, welches Ereignis zuerst eintritt.<\/p>\n<p>Bitte senden Sie die Waren sp\u00e4testens 14 Tage nach dem Tag, an dem Sie uns per Brief oder E-Mail \u00fcber Ihren Widerruf dieses Vertrags informiert haben, an die oben genannte Adresse zur\u00fcck. Die Frist ist auch gewahrt, wenn Sie die Sache vor Ablauf der Frist von vierzehn Tagen absenden.<\/p>\n<p>Wir weisen Sie darauf hin, dass Sie die unmittelbaren Kosten der R\u00fccksendung der Waren zu tragen haben.[\/vc_column_text][\/vc_column][\/vc_row]\n","protected":false},"excerpt":{"rendered":"<p>[vc_row type=&#8220;in_container&#8220; full_screen_row_position=&#8220;middle&#8220; column_margin=&#8220;default&#8220; column_direction=&#8220;default&#8220; column_direction_tablet=&#8220;default&#8220; column_direction_phone=&#8220;default&#8220; scene_position=&#8220;center&#8220; text_color=&#8220;dark&#8220; text_align=&#8220;left&#8220; row_border_radius=&#8220;none&#8220; row_border_radius_applies=&#8220;bg&#8220; overflow=&#8220;visible&#8220; overlay_strength=&#8220;0.3&#8243; gradient_direction=&#8220;left_to_right&#8220; shape_divider_position=&#8220;bottom&#8220; bg_image_animation=&#8220;none&#8220;][vc_column column_padding=&#8220;no-extra-padding&#8220; column_padding_tablet=&#8220;inherit&#8220; column_padding_phone=&#8220;inherit&#8220; column_padding_position=&#8220;all&#8220; column_element_direction_desktop=&#8220;default&#8220; column_element_spacing=&#8220;default&#8220; desktop_text_alignment=&#8220;default&#8220; tablet_text_alignment=&#8220;default&#8220; phone_text_alignment=&#8220;default&#8220; background_color_opacity=&#8220;1&#8243; background_hover_color_opacity=&#8220;1&#8243; column_backdrop_filter=&#8220;none&#8220; column_shadow=&#8220;none&#8220;&#8230;<\/p>\n","protected":false},"author":1,"featured_media":0,"parent":0,"menu_order":0,"comment_status":"closed","ping_status":"closed","template":"","meta":{"inline_featured_image":false,"footnotes":""},"class_list":["post-4406","page","type-page","status-publish"],"_links":{"self":[{"href":"https:\/\/venve.pl\/de\/wp-json\/wp\/v2\/pages\/4406","targetHints":{"allow":["GET"]}}],"collection":[{"href":"https:\/\/venve.pl\/de\/wp-json\/wp\/v2\/pages"}],"about":[{"href":"https:\/\/venve.pl\/de\/wp-json\/wp\/v2\/types\/page"}],"author":[{"embeddable":true,"href":"https:\/\/venve.pl\/de\/wp-json\/wp\/v2\/users\/1"}],"replies":[{"embeddable":true,"href":"https:\/\/venve.pl\/de\/wp-json\/wp\/v2\/comments?post=4406"}],"version-history":[{"count":2,"href":"https:\/\/venve.pl\/de\/wp-json\/wp\/v2\/pages\/4406\/revisions"}],"predecessor-version":[{"id":4408,"href":"https:\/\/venve.pl\/de\/wp-json\/wp\/v2\/pages\/4406\/revisions\/4408"}],"wp:attachment":[{"href":"https:\/\/venve.pl\/de\/wp-json\/wp\/v2\/media?parent=4406"}],"curies":[{"name":"wp","href":"https:\/\/api.w.org\/{rel}","templated":true}]}}