{"id":3522,"date":"2023-10-11T14:31:00","date_gmt":"2023-10-11T12:31:00","guid":{"rendered":"https:\/\/venve.pl\/technologia\/"},"modified":"2025-01-14T09:42:06","modified_gmt":"2025-01-14T08:42:06","slug":"technologie","status":"publish","type":"page","link":"https:\/\/venve.pl\/de\/technologie\/","title":{"rendered":"Technologie"},"content":{"rendered":"[vc_row type=&#8220;in_container&#8220; full_screen_row_position=&#8220;middle&#8220; column_margin=&#8220;default&#8220; column_direction=&#8220;default&#8220; column_direction_tablet=&#8220;default&#8220; column_direction_phone=&#8220;default&#8220; scene_position=&#8220;center&#8220; top_padding=&#8220;2%&#8220; constrain_group_1=&#8220;yes&#8220; bottom_padding=&#8220;2%&#8220; text_color=&#8220;dark&#8220; text_align=&#8220;left&#8220; row_border_radius=&#8220;none&#8220; row_border_radius_applies=&#8220;bg&#8220; overflow=&#8220;visible&#8220; overlay_strength=&#8220;0.3&#8243; gradient_direction=&#8220;left_to_right&#8220; shape_divider_position=&#8220;bottom&#8220; bg_image_animation=&#8220;none&#8220; gradient_type=&#8220;default&#8220; shape_type=&#8220;&#8220;][vc_column column_padding=&#8220;no-extra-padding&#8220; column_padding_tablet=&#8220;inherit&#8220; column_padding_phone=&#8220;inherit&#8220; column_padding_position=&#8220;all&#8220; column_element_direction_desktop=&#8220;default&#8220; column_element_spacing=&#8220;default&#8220; desktop_text_alignment=&#8220;default&#8220; tablet_text_alignment=&#8220;default&#8220; phone_text_alignment=&#8220;default&#8220; background_color_opacity=&#8220;1&#8243; background_hover_color_opacity=&#8220;1&#8243; column_backdrop_filter=&#8220;none&#8220; column_shadow=&#8220;none&#8220; column_border_radius=&#8220;none&#8220; column_link_target=&#8220;_self&#8220; column_position=&#8220;default&#8220; gradient_direction=&#8220;left_to_right&#8220; overlay_strength=&#8220;0.3&#8243; width=&#8220;1\/1&#8243; tablet_width_inherit=&#8220;default&#8220; animation_type=&#8220;default&#8220; bg_image_animation=&#8220;none&#8220; border_type=&#8220;simple&#8220; column_border_width=&#8220;none&#8220; column_border_style=&#8220;solid&#8220; column_padding_type=&#8220;default&#8220; gradient_type=&#8220;default&#8220;][vc_row_inner column_margin=&#8220;default&#8220; column_direction=&#8220;default&#8220; column_direction_tablet=&#8220;default&#8220; column_direction_phone=&#8220;default&#8220; text_align=&#8220;left&#8220; row_position=&#8220;default&#8220; row_position_tablet=&#8220;inherit&#8220; row_position_phone=&#8220;inherit&#8220; overflow=&#8220;visible&#8220; pointer_events=&#8220;all&#8220;][vc_column_inner column_padding=&#8220;padding-5-percent&#8220; column_padding_tablet=&#8220;inherit&#8220; column_padding_phone=&#8220;inherit&#8220; column_padding_position=&#8220;right&#8220; column_element_direction_desktop=&#8220;default&#8220; column_element_spacing=&#8220;default&#8220; desktop_text_alignment=&#8220;default&#8220; tablet_text_alignment=&#8220;default&#8220; phone_text_alignment=&#8220;default&#8220; background_color_opacity=&#8220;1&#8243; background_hover_color_opacity=&#8220;1&#8243; column_backdrop_filter=&#8220;none&#8220; column_shadow=&#8220;none&#8220; column_border_radius=&#8220;none&#8220; column_link_target=&#8220;_self&#8220; overflow=&#8220;visible&#8220; gradient_direction=&#8220;left_to_right&#8220; overlay_strength=&#8220;0.3&#8243; width=&#8220;1\/2&#8243; tablet_width_inherit=&#8220;default&#8220; animation_type=&#8220;default&#8220; bg_image_animation=&#8220;none&#8220; border_type=&#8220;simple&#8220; column_border_width=&#8220;none&#8220; column_border_style=&#8220;solid&#8220; column_padding_type=&#8220;default&#8220; gradient_type=&#8220;default&#8220;][vc_column_text text_direction=&#8220;default&#8220;]\n<h2>Rotomoulding<\/h2>\n<p><strong>Rotationsformen erm\u00f6glicht die Herstellung einer gro\u00dfen Vielfalt an Kunststoffteilen.<br \/>\n<\/strong><br \/>\nDer Hauptvorteil dieser Technologie ist die gro\u00dfe Freiheit bei der Entwicklung neuer Produkte. Aus diesem Grund wird sie h\u00e4ufig bei der Entwicklung von Produkten in verschiedenen Branchen ber\u00fccksichtigt, von technischen Elementen \u00fcber M\u00f6bel und Innen- und Au\u00dfenraumelemente bis hin zu Spielzeug. Rotationsformen ist auch das wirtschaftlichste Verfahren zur Herstellung gro\u00dfer und komplex geformter Produkte.<\/p>\n<p>Der Produktionsprozess besteht darin, eine zwei- oder mehrteilige Form mit einer entsprechenden Menge Material in Form von Polyethylenpulver zu f\u00fcllen und einer hohen Temperatur auszusetzen, w\u00e4hrend die Form langsam um zwei senkrecht zueinander stehende Achsen rotiert.<br \/>\nDie Bewegung der Form wird in der n\u00e4chsten Phase fortgesetzt, d. h. in der Formk\u00fchlphase. Nach der Fertigstellung wird die Form ge\u00f6ffnet und das fertige Produkt, das als monolithische Schicht aus an ihren W\u00e4nden verfestigtem Material geformt ist, wird aus ihr entnommen.[\/vc_column_text][vc_column_text text_direction=&#8220;default&#8220;]\n<h2>Nachhaltige Entwicklung<\/h2>\n<p>Bei der Herstellung unserer Produkte setzen wir uns zum Ziel, all unsere Handlungen so nachhaltig wie m\u00f6glich zu gestalten. In jeder Phase unserer T\u00e4tigkeit versuchen wir, unsere Auswirkungen auf die Umwelt zu minimieren, indem wir beispielsweise nur vollst\u00e4ndig wiederverwendbare Materialien im Recyclingprozess verwenden oder Strom aus einer Photovoltaikanlage beziehen.<\/p>\n<p>Die Rotomoulding-technologie erm\u00f6glicht eine erhebliche Reduzierung der Produktionsabf\u00e4lle, die bei der Herstellung unserer M\u00f6bel entstehen. Dadurch wissen wir, dass wir einen echten Beitrag zum Schutz der nat\u00fcrlichen Umwelt leisten.[\/vc_column_text][\/vc_column_inner][vc_column_inner column_padding=&#8220;no-extra-padding&#8220; column_padding_tablet=&#8220;inherit&#8220; column_padding_phone=&#8220;inherit&#8220; column_padding_position=&#8220;all&#8220; column_element_direction_desktop=&#8220;default&#8220; column_element_spacing=&#8220;default&#8220; desktop_text_alignment=&#8220;default&#8220; tablet_text_alignment=&#8220;default&#8220; phone_text_alignment=&#8220;default&#8220; background_color_opacity=&#8220;1&#8243; background_hover_color_opacity=&#8220;1&#8243; column_backdrop_filter=&#8220;none&#8220; column_shadow=&#8220;none&#8220; column_border_radius=&#8220;none&#8220; column_link_target=&#8220;_self&#8220; overflow=&#8220;visible&#8220; gradient_direction=&#8220;left_to_right&#8220; overlay_strength=&#8220;0.3&#8243; width=&#8220;1\/2&#8243; tablet_width_inherit=&#8220;default&#8220; animation_type=&#8220;default&#8220; enable_animation=&#8220;true&#8220; animation=&#8220;fade-in-from-left&#8220; animation_easing=&#8220;default&#8220; bg_image_animation=&#8220;none&#8220; border_type=&#8220;simple&#8220; column_border_width=&#8220;none&#8220; column_border_style=&#8220;solid&#8220; column_padding_type=&#8220;default&#8220; gradient_type=&#8220;default&#8220; delay=&#8220;300&#8243;][image_with_animation image_url=&#8220;1851&#8243; image_size=&#8220;full&#8220; animation_type=&#8220;entrance&#8220; animation=&#8220;None&#8220; animation_movement_type=&#8220;transform_y&#8220; animation_movement_intensity=&#8220;-3&#8243; animation_movement_persist_on_mobile=&#8220;true&#8220; hover_animation=&#8220;none&#8220; alignment=&#8220;right&#8220; border_radius=&#8220;none&#8220; box_shadow=&#8220;none&#8220; image_loading=&#8220;default&#8220; max_width=&#8220;100%&#8220; max_width_mobile=&#8220;default&#8220;][\/vc_column_inner][\/vc_row_inner][\/vc_column][\/vc_row]\n","protected":false},"excerpt":{"rendered":"<p>[vc_row type=&#8220;in_container&#8220; full_screen_row_position=&#8220;middle&#8220; column_margin=&#8220;default&#8220; column_direction=&#8220;default&#8220; column_direction_tablet=&#8220;default&#8220; column_direction_phone=&#8220;default&#8220; scene_position=&#8220;center&#8220; top_padding=&#8220;2%&#8220; constrain_group_1=&#8220;yes&#8220; bottom_padding=&#8220;2%&#8220; text_color=&#8220;dark&#8220; text_align=&#8220;left&#8220; row_border_radius=&#8220;none&#8220; row_border_radius_applies=&#8220;bg&#8220; overflow=&#8220;visible&#8220; overlay_strength=&#8220;0.3&#8243; gradient_direction=&#8220;left_to_right&#8220; shape_divider_position=&#8220;bottom&#8220; bg_image_animation=&#8220;none&#8220; gradient_type=&#8220;default&#8220; shape_type=&#8220;&#8220;][vc_column column_padding=&#8220;no-extra-padding&#8220; column_padding_tablet=&#8220;inherit&#8220; column_padding_phone=&#8220;inherit&#8220; column_padding_position=&#8220;all&#8220; column_element_direction_desktop=&#8220;default&#8220; column_element_spacing=&#8220;default&#8220; desktop_text_alignment=&#8220;default&#8220; tablet_text_alignment=&#8220;default&#8220;&#8230;<\/p>\n","protected":false},"author":1,"featured_media":0,"parent":0,"menu_order":0,"comment_status":"closed","ping_status":"closed","template":"","meta":{"inline_featured_image":false,"footnotes":""},"class_list":["post-3522","page","type-page","status-publish"],"_links":{"self":[{"href":"https:\/\/venve.pl\/de\/wp-json\/wp\/v2\/pages\/3522","targetHints":{"allow":["GET"]}}],"collection":[{"href":"https:\/\/venve.pl\/de\/wp-json\/wp\/v2\/pages"}],"about":[{"href":"https:\/\/venve.pl\/de\/wp-json\/wp\/v2\/types\/page"}],"author":[{"embeddable":true,"href":"https:\/\/venve.pl\/de\/wp-json\/wp\/v2\/users\/1"}],"replies":[{"embeddable":true,"href":"https:\/\/venve.pl\/de\/wp-json\/wp\/v2\/comments?post=3522"}],"version-history":[{"count":6,"href":"https:\/\/venve.pl\/de\/wp-json\/wp\/v2\/pages\/3522\/revisions"}],"predecessor-version":[{"id":4367,"href":"https:\/\/venve.pl\/de\/wp-json\/wp\/v2\/pages\/3522\/revisions\/4367"}],"wp:attachment":[{"href":"https:\/\/venve.pl\/de\/wp-json\/wp\/v2\/media?parent=3522"}],"curies":[{"name":"wp","href":"https:\/\/api.w.org\/{rel}","templated":true}]}}